{"id":6,"date":"2024-05-29T20:20:15","date_gmt":"2024-05-29T20:20:15","guid":{"rendered":"https:\/\/www.lexspider.com\/?page_id=6"},"modified":"2025-07-25T04:44:35","modified_gmt":"2025-07-25T03:14:35","slug":"cal-testen","status":"publish","type":"page","link":"http:\/\/www.lexspider.com\/","title":{"rendered":"CAL Testen"},"content":{"rendered":"\n<figure class=\"wp-block-image\" id=\"Ferry-to-Sekupang-Batam\"><a href=\"https:\/\/www.easybook.com\/ferry\/booking\/singapore-to-sekupangbatam\"><img loading=\"lazy\" decoding=\"async\" width=\"300\" height=\"300\" src=\"http:\/\/www.lexspider.com\/wp-content\/uploads\/2024\/05\/cs-logo-md.png\" alt=\"\" class=\"wp-image-8\" srcset=\"http:\/\/www.lexspider.com\/wp-content\/uploads\/2024\/05\/cs-logo-md.png 300w, http:\/\/www.lexspider.com\/wp-content\/uploads\/2024\/05\/cs-logo-md-150x150.png 150w\" sizes=\"auto, (max-width: 300px) 100vw, 300px\" \/><\/a><\/figure>\n\n\n\n<p><\/p>\n\n\n\n<p>Der interaktive Assistent CAL hilft, relevante Bundesgerichtsentscheide und Erlasse der Systematischen Sammlung des Bundesrechts (SR) zu finden.<\/p>\n\n\n\n<p>CAL ist der &#8220;Conversational Assistant for Lawyers\u201d entwickelt von Eurospider. Das dialogbasierte Informationssystem unterst\u00fctzt juristische Fachpersonen bei der Kl\u00e4rung von Rechtslagen.Code einl\u00f6sen<\/p>\n\n\n\n<p><\/p>\n\n\n\n<p><\/p>\n\n\n\n<figure class=\"wp-block-image\" id=\"Ferry-to-stjohn-island\"><a href=\"https:\/\/www.easybook.com\/en-sg\/ferry\/booking\/marinasouthpier-to-stjohnisland\"><img loading=\"lazy\" decoding=\"async\" width=\"1540\" height=\"376\" src=\"http:\/\/www.lexspider.com\/wp-content\/uploads\/2024\/05\/Screenshot-2024-05-30-at-4.18.43\u202fAM.png\" alt=\"\" class=\"wp-image-9\" srcset=\"http:\/\/www.lexspider.com\/wp-content\/uploads\/2024\/05\/Screenshot-2024-05-30-at-4.18.43\u202fAM.png 1540w, http:\/\/www.lexspider.com\/wp-content\/uploads\/2024\/05\/Screenshot-2024-05-30-at-4.18.43\u202fAM-300x73.png 300w, http:\/\/www.lexspider.com\/wp-content\/uploads\/2024\/05\/Screenshot-2024-05-30-at-4.18.43\u202fAM-1024x250.png 1024w, http:\/\/www.lexspider.com\/wp-content\/uploads\/2024\/05\/Screenshot-2024-05-30-at-4.18.43\u202fAM-768x188.png 768w, http:\/\/www.lexspider.com\/wp-content\/uploads\/2024\/05\/Screenshot-2024-05-30-at-4.18.43\u202fAM-1536x375.png 1536w\" sizes=\"auto, (max-width: 1540px) 100vw, 1540px\" \/><\/a><\/figure>\n","protected":false},"excerpt":{"rendered":"<p>Der interaktive Assistent CAL hilft, relevante Bundesgerichtsentscheide und Erlasse der Systematischen Sammlung des Bundesrechts (SR) zu finden. CAL ist der &#8220;Conversational Assistant for Lawyers\u201d entwickelt von Eurospider. Das dialogbasierte Informationssystem unterst\u00fctzt juristische Fachpersonen bei der Kl\u00e4rung von Rechtslagen.Code einl\u00f6sen<\/p>\n","protected":false},"author":1,"featured_media":0,"parent":0,"menu_order":0,"comment_status":"closed","ping_status":"closed","template":"","meta":{"footnotes":""},"class_list":["post-6","page","type-page","status-publish","hentry"],"_links":{"self":[{"href":"http:\/\/www.lexspider.com\/index.php?rest_route=\/wp\/v2\/pages\/6","targetHints":{"allow":["GET"]}}],"collection":[{"href":"http:\/\/www.lexspider.com\/index.php?rest_route=\/wp\/v2\/pages"}],"about":[{"href":"http:\/\/www.lexspider.com\/index.php?rest_route=\/wp\/v2\/types\/page"}],"author":[{"embeddable":true,"href":"http:\/\/www.lexspider.com\/index.php?rest_route=\/wp\/v2\/users\/1"}],"replies":[{"embeddable":true,"href":"http:\/\/www.lexspider.com\/index.php?rest_route=%2Fwp%2Fv2%2Fcomments&post=6"}],"version-history":[{"count":4,"href":"http:\/\/www.lexspider.com\/index.php?rest_route=\/wp\/v2\/pages\/6\/revisions"}],"predecessor-version":[{"id":46,"href":"http:\/\/www.lexspider.com\/index.php?rest_route=\/wp\/v2\/pages\/6\/revisions\/46"}],"wp:attachment":[{"href":"http:\/\/www.lexspider.com\/index.php?rest_route=%2Fwp%2Fv2%2Fmedia&parent=6"}],"curies":[{"name":"wp","href":"https:\/\/api.w.org\/{rel}","templated":true}]}}